{"id":681,"date":"2023-06-15T15:38:42","date_gmt":"2023-06-15T13:38:42","guid":{"rendered":"https:\/\/blog.laboutiquedemei.fr\/?page_id=681"},"modified":"2023-07-01T09:35:57","modified_gmt":"2023-07-01T07:35:57","slug":"idees-decoration-interieure-asiatique","status":"publish","type":"page","link":"https:\/\/blog.laboutiquedemei.fr\/index.php\/idees-decoration-interieure-asiatique\/","title":{"rendered":"Id\u00e9es d\u00e9co"},"content":{"rendered":"\n<p>D\u00e9couvrez tout notre univers de d\u00e9coration d&rsquo;int\u00e9rieur<\/p>\n\n\n\n<p><\/p>\n\n\n\n<h2 class=\"wp-block-heading\">Papier peint asiatique : une \u00e9l\u00e9gance intemporelle<\/h2>\n\n\n\n<p>Chaque rouleau de papier peint est un chef-d&rsquo;\u0153uvre en soi, cr\u00e9\u00e9 avec une attention m\u00e9ticuleuse aux d\u00e9tails. Les motifs d\u00e9licats et apaisants les couleurs vous transportent dans un monde de gr\u00e2ce et d&rsquo;harmonie. Chaque jour, vous pourrez contempler votre int\u00e9rieur avec \u00e9merveillement et fiert\u00e9.<\/p>\n\n\n\n<ul>\n<li>Papier peint japonais<\/li>\n\n\n\n<li>Papier peint chinois<\/li>\n\n\n\n<li>Estampe japonaise<\/li>\n<\/ul>\n\n\n\n<h2 class=\"wp-block-heading\">Tapis<\/h2>\n\n\n\n<ul>\n<li>Tapis en laine<\/li>\n\n\n\n<li>Tapis en soie naturelle<\/li>\n\n\n\n<li>Tapis fait main<\/li>\n\n\n\n<li>Tapis synth\u00e9tique<\/li>\n\n\n\n<li>Tapis XXL grande pi\u00e8ce<\/li>\n<\/ul>\n\n\n\n<h2 class=\"wp-block-heading\">Salle de bain<\/h2>\n\n\n\n<ul>\n<li>Sol 3D pour salle de bain<\/li>\n\n\n\n<li>Panneau mural \u00e9tanche<\/li>\n\n\n\n<li>Tapis pour salle d&rsquo;eau<\/li>\n<\/ul>\n\n\n\n<h2 class=\"wp-block-heading\">Rev\u00eatement de sol<\/h2>\n\n\n\n<ul>\n<li>Rev\u00eatement de sol trompe l&rsquo;oeil 3D<\/li>\n\n\n\n<li>Autres rev\u00eatements de sol : paysage, oc\u00e9an, fleur et zen<\/li>\n<\/ul>\n\n\n\n<h2 class=\"wp-block-heading\">Plafond<\/h2>\n\n\n\n<ul>\n<li>Plafond trompe l&rsquo;oeil 3D<\/li>\n<\/ul>\n\n\n\n<p><\/p>\n\n\n\n<h2 class=\"wp-block-heading\">Rideau<\/h2>\n\n\n\n<ul>\n<li>Rideau japonais traditionnel<\/li>\n\n\n\n<li>Rideaux avec animaux et fleurs asiatiques<\/li>\n\n\n\n<li>Rideau suspendu<\/li>\n\n\n\n<li>Cloison mobile<\/li>\n<\/ul>\n\n\n\n<h2 class=\"wp-block-heading\">D\u00e9cor \u00e9v\u00e9nementiel<\/h2>\n\n\n\n<ul>\n<li>D\u00e9cor 3D<\/li>\n\n\n\n<li>D\u00e9cor effet trompe l&rsquo;oeil<\/li>\n<\/ul>\n\n\n\n<p><\/p>\n","protected":false},"excerpt":{"rendered":"<p>D\u00e9couvrez tout notre univers de d\u00e9coration d&rsquo;int\u00e9rieur Papier peint asiatique : une \u00e9l\u00e9gance intemporelle Chaque rouleau de papier peint est un chef-d&rsquo;\u0153uvre en soi, cr\u00e9\u00e9 avec une attention m\u00e9ticuleuse aux d\u00e9tails. Les motifs d\u00e9licats et apaisants les couleurs vous transportent dans un monde de gr\u00e2ce et d&rsquo;harmonie. Chaque jour, vous pourrez contempler votre int\u00e9rieur avec &hellip;<\/p>\n<p class=\"read-more\"> <a class=\"\" href=\"https:\/\/blog.laboutiquedemei.fr\/index.php\/idees-decoration-interieure-asiatique\/\"> <span class=\"screen-reader-text\">Id\u00e9es d\u00e9co<\/span> Lire la suite\u00a0\u00bb<\/a><\/p>\n","protected":false},"author":1,"featured_media":0,"parent":0,"menu_order":0,"comment_status":"closed","ping_status":"closed","template":"","meta":{"site-sidebar-layout":"default","site-content-layout":"default","ast-global-header-display":"","ast-banner-title-visibility":"","ast-main-header-display":"","ast-hfb-above-header-display":"","ast-hfb-below-header-display":"","ast-hfb-mobile-header-display":"","site-post-title":"","ast-breadcrumbs-content":"","ast-featured-img":"","footer-sml-layout":"","theme-transparent-header-meta":"","adv-header-id-meta":"","stick-header-meta":"","header-above-stick-meta":"","header-main-stick-meta":"","header-below-stick-meta":""},"yoast_head":"<!-- This site is optimized with the Yoast SEO plugin v20.10 - https:\/\/yoast.com\/wordpress\/plugins\/seo\/ -->\n<title>Id\u00e9es d\u00e9co - Atelier WYBO<\/title>\n<meta name=\"robots\" content=\"index, follow, max-snippet:-1, max-image-preview:large, max-video-preview:-1\" \/>\n<link rel=\"canonical\" href=\"https:\/\/blog.laboutiquedemei.fr\/index.php\/idees-decoration-interieure-asiatique\/\" \/>\n<meta property=\"og:locale\" content=\"fr_FR\" \/>\n<meta property=\"og:type\" content=\"article\" \/>\n<meta property=\"og:title\" content=\"Id\u00e9es d\u00e9co - Atelier WYBO\" \/>\n<meta property=\"og:description\" content=\"D\u00e9couvrez tout notre univers de d\u00e9coration d&rsquo;int\u00e9rieur Papier peint asiatique : une \u00e9l\u00e9gance intemporelle Chaque rouleau de papier peint est un chef-d&rsquo;\u0153uvre en soi, cr\u00e9\u00e9 avec une attention m\u00e9ticuleuse aux d\u00e9tails. Les motifs d\u00e9licats et apaisants les couleurs vous transportent dans un monde de gr\u00e2ce et d&rsquo;harmonie. Chaque jour, vous pourrez contempler votre int\u00e9rieur avec &hellip; Id\u00e9es d\u00e9co Lire la suite\u00a0\u00bb\" \/>\n<meta property=\"og:url\" content=\"https:\/\/blog.laboutiquedemei.fr\/index.php\/idees-decoration-interieure-asiatique\/\" \/>\n<meta property=\"og:site_name\" content=\"Atelier WYBO\" \/>\n<meta property=\"article:publisher\" content=\"https:\/\/www.facebook.com\/atelierwybo\" \/>\n<meta property=\"article:modified_time\" content=\"2023-07-01T07:35:57+00:00\" \/>\n<meta property=\"og:image\" content=\"https:\/\/blog.laboutiquedemei.fr\/wp-content\/uploads\/2017\/06\/cropped-Atelier-WYBO.jpg\" \/>\n\t<meta property=\"og:image:width\" content=\"512\" \/>\n\t<meta property=\"og:image:height\" content=\"512\" \/>\n\t<meta property=\"og:image:type\" content=\"image\/jpeg\" \/>\n<meta name=\"twitter:card\" content=\"summary_large_image\" \/>\n<meta name=\"twitter:site\" content=\"@AtelierWYBO\" \/>\n<meta name=\"twitter:label1\" content=\"Dur\u00e9e de lecture estim\u00e9e\" \/>\n\t<meta name=\"twitter:data1\" content=\"1 minute\" \/>\n<script type=\"application\/ld+json\" class=\"yoast-schema-graph\">{\"@context\":\"https:\/\/schema.org\",\"@graph\":[{\"@type\":\"WebPage\",\"@id\":\"https:\/\/blog.laboutiquedemei.fr\/index.php\/idees-decoration-interieure-asiatique\/\",\"url\":\"https:\/\/blog.laboutiquedemei.fr\/index.php\/idees-decoration-interieure-asiatique\/\",\"name\":\"Id\u00e9es d\u00e9co - Atelier WYBO\",\"isPartOf\":{\"@id\":\"https:\/\/blog.laboutiquedemei.fr\/#website\"},\"datePublished\":\"2023-06-15T13:38:42+00:00\",\"dateModified\":\"2023-07-01T07:35:57+00:00\",\"breadcrumb\":{\"@id\":\"https:\/\/blog.laboutiquedemei.fr\/index.php\/idees-decoration-interieure-asiatique\/#breadcrumb\"},\"inLanguage\":\"fr-FR\",\"potentialAction\":[{\"@type\":\"ReadAction\",\"target\":[\"https:\/\/blog.laboutiquedemei.fr\/index.php\/idees-decoration-interieure-asiatique\/\"]}]},{\"@type\":\"BreadcrumbList\",\"@id\":\"https:\/\/blog.laboutiquedemei.fr\/index.php\/idees-decoration-interieure-asiatique\/#breadcrumb\",\"itemListElement\":[{\"@type\":\"ListItem\",\"position\":1,\"name\":\"Accueil\",\"item\":\"https:\/\/blog.laboutiquedemei.fr\/\"},{\"@type\":\"ListItem\",\"position\":2,\"name\":\"Id\u00e9es d\u00e9co\"}]},{\"@type\":\"WebSite\",\"@id\":\"https:\/\/blog.laboutiquedemei.fr\/#website\",\"url\":\"https:\/\/blog.laboutiquedemei.fr\/\",\"name\":\"Atelier WYBO\",\"description\":\"\",\"publisher\":{\"@id\":\"https:\/\/blog.laboutiquedemei.fr\/#organization\"},\"potentialAction\":[{\"@type\":\"SearchAction\",\"target\":{\"@type\":\"EntryPoint\",\"urlTemplate\":\"https:\/\/blog.laboutiquedemei.fr\/?s={search_term_string}\"},\"query-input\":\"required name=search_term_string\"}],\"inLanguage\":\"fr-FR\"},{\"@type\":\"Organization\",\"@id\":\"https:\/\/blog.laboutiquedemei.fr\/#organization\",\"name\":\"Atelier WYBO\",\"url\":\"https:\/\/blog.laboutiquedemei.fr\/\",\"logo\":{\"@type\":\"ImageObject\",\"inLanguage\":\"fr-FR\",\"@id\":\"https:\/\/blog.laboutiquedemei.fr\/#\/schema\/logo\/image\/\",\"url\":\"https:\/\/blog.laboutiquedemei.fr\/wp-content\/uploads\/2017\/06\/cropped-Atelier-WYBO.jpg\",\"contentUrl\":\"https:\/\/blog.laboutiquedemei.fr\/wp-content\/uploads\/2017\/06\/cropped-Atelier-WYBO.jpg\",\"width\":512,\"height\":512,\"caption\":\"Atelier WYBO\"},\"image\":{\"@id\":\"https:\/\/blog.laboutiquedemei.fr\/#\/schema\/logo\/image\/\"},\"sameAs\":[\"https:\/\/www.facebook.com\/atelierwybo\",\"https:\/\/twitter.com\/AtelierWYBO\",\"https:\/\/www.pinterest.fr\/atelierwybo\/\",\"https:\/\/www.instagram.com\/atelier_wybo\/\",\"https:\/\/www.youtube.com\/user\/helenetsui\",\"https:\/\/www.linkedin.com\/in\/atelier-wybo-1919a254\/\"]}]}<\/script>\n<!-- \/ Yoast SEO plugin. -->","yoast_head_json":{"title":"Id\u00e9es d\u00e9co - Atelier WYBO","robots":{"index":"index","follow":"follow","max-snippet":"max-snippet:-1","max-image-preview":"max-image-preview:large","max-video-preview":"max-video-preview:-1"},"canonical":"https:\/\/blog.laboutiquedemei.fr\/index.php\/idees-decoration-interieure-asiatique\/","og_locale":"fr_FR","og_type":"article","og_title":"Id\u00e9es d\u00e9co - Atelier WYBO","og_description":"D\u00e9couvrez tout notre univers de d\u00e9coration d&rsquo;int\u00e9rieur Papier peint asiatique : une \u00e9l\u00e9gance intemporelle Chaque rouleau de papier peint est un chef-d&rsquo;\u0153uvre en soi, cr\u00e9\u00e9 avec une attention m\u00e9ticuleuse aux d\u00e9tails. Les motifs d\u00e9licats et apaisants les couleurs vous transportent dans un monde de gr\u00e2ce et d&rsquo;harmonie. Chaque jour, vous pourrez contempler votre int\u00e9rieur avec &hellip; Id\u00e9es d\u00e9co Lire la suite\u00a0\u00bb","og_url":"https:\/\/blog.laboutiquedemei.fr\/index.php\/idees-decoration-interieure-asiatique\/","og_site_name":"Atelier WYBO","article_publisher":"https:\/\/www.facebook.com\/atelierwybo","article_modified_time":"2023-07-01T07:35:57+00:00","og_image":[{"width":512,"height":512,"url":"https:\/\/blog.laboutiquedemei.fr\/wp-content\/uploads\/2017\/06\/cropped-Atelier-WYBO.jpg","type":"image\/jpeg"}],"twitter_card":"summary_large_image","twitter_site":"@AtelierWYBO","twitter_misc":{"Dur\u00e9e de lecture estim\u00e9e":"1 minute"},"schema":{"@context":"https:\/\/schema.org","@graph":[{"@type":"WebPage","@id":"https:\/\/blog.laboutiquedemei.fr\/index.php\/idees-decoration-interieure-asiatique\/","url":"https:\/\/blog.laboutiquedemei.fr\/index.php\/idees-decoration-interieure-asiatique\/","name":"Id\u00e9es d\u00e9co - Atelier WYBO","isPartOf":{"@id":"https:\/\/blog.laboutiquedemei.fr\/#website"},"datePublished":"2023-06-15T13:38:42+00:00","dateModified":"2023-07-01T07:35:57+00:00","breadcrumb":{"@id":"https:\/\/blog.laboutiquedemei.fr\/index.php\/idees-decoration-interieure-asiatique\/#breadcrumb"},"inLanguage":"fr-FR","potentialAction":[{"@type":"ReadAction","target":["https:\/\/blog.laboutiquedemei.fr\/index.php\/idees-decoration-interieure-asiatique\/"]}]},{"@type":"BreadcrumbList","@id":"https:\/\/blog.laboutiquedemei.fr\/index.php\/idees-decoration-interieure-asiatique\/#breadcrumb","itemListElement":[{"@type":"ListItem","position":1,"name":"Accueil","item":"https:\/\/blog.laboutiquedemei.fr\/"},{"@type":"ListItem","position":2,"name":"Id\u00e9es d\u00e9co"}]},{"@type":"WebSite","@id":"https:\/\/blog.laboutiquedemei.fr\/#website","url":"https:\/\/blog.laboutiquedemei.fr\/","name":"Atelier WYBO","description":"","publisher":{"@id":"https:\/\/blog.laboutiquedemei.fr\/#organization"},"potentialAction":[{"@type":"SearchAction","target":{"@type":"EntryPoint","urlTemplate":"https:\/\/blog.laboutiquedemei.fr\/?s={search_term_string}"},"query-input":"required name=search_term_string"}],"inLanguage":"fr-FR"},{"@type":"Organization","@id":"https:\/\/blog.laboutiquedemei.fr\/#organization","name":"Atelier WYBO","url":"https:\/\/blog.laboutiquedemei.fr\/","logo":{"@type":"ImageObject","inLanguage":"fr-FR","@id":"https:\/\/blog.laboutiquedemei.fr\/#\/schema\/logo\/image\/","url":"https:\/\/blog.laboutiquedemei.fr\/wp-content\/uploads\/2017\/06\/cropped-Atelier-WYBO.jpg","contentUrl":"https:\/\/blog.laboutiquedemei.fr\/wp-content\/uploads\/2017\/06\/cropped-Atelier-WYBO.jpg","width":512,"height":512,"caption":"Atelier WYBO"},"image":{"@id":"https:\/\/blog.laboutiquedemei.fr\/#\/schema\/logo\/image\/"},"sameAs":["https:\/\/www.facebook.com\/atelierwybo","https:\/\/twitter.com\/AtelierWYBO","https:\/\/www.pinterest.fr\/atelierwybo\/","https:\/\/www.instagram.com\/atelier_wybo\/","https:\/\/www.youtube.com\/user\/helenetsui","https:\/\/www.linkedin.com\/in\/atelier-wybo-1919a254\/"]}]}},"_links":{"self":[{"href":"https:\/\/blog.laboutiquedemei.fr\/index.php\/wp-json\/wp\/v2\/pages\/681"}],"collection":[{"href":"https:\/\/blog.laboutiquedemei.fr\/index.php\/wp-json\/wp\/v2\/pages"}],"about":[{"href":"https:\/\/blog.laboutiquedemei.fr\/index.php\/wp-json\/wp\/v2\/types\/page"}],"author":[{"embeddable":true,"href":"https:\/\/blog.laboutiquedemei.fr\/index.php\/wp-json\/wp\/v2\/users\/1"}],"replies":[{"embeddable":true,"href":"https:\/\/blog.laboutiquedemei.fr\/index.php\/wp-json\/wp\/v2\/comments?post=681"}],"version-history":[{"count":14,"href":"https:\/\/blog.laboutiquedemei.fr\/index.php\/wp-json\/wp\/v2\/pages\/681\/revisions"}],"predecessor-version":[{"id":901,"href":"https:\/\/blog.laboutiquedemei.fr\/index.php\/wp-json\/wp\/v2\/pages\/681\/revisions\/901"}],"wp:attachment":[{"href":"https:\/\/blog.laboutiquedemei.fr\/index.php\/wp-json\/wp\/v2\/media?parent=681"}],"curies":[{"name":"wp","href":"https:\/\/api.w.org\/{rel}","templated":true}]}}